{"id":890,"date":"2025-02-05T12:25:47","date_gmt":"2025-02-05T12:25:47","guid":{"rendered":"https:\/\/maya-blum.de\/?page_id=890"},"modified":"2025-07-24T11:26:05","modified_gmt":"2025-07-24T11:26:05","slug":"interactive","status":"publish","type":"page","link":"https:\/\/maya-blum.de\/home\/interactive\/","title":{"rendered":"Interactive"},"content":{"rendered":"\t\t<div data-elementor-type=\"wp-page\" data-elementor-id=\"890\" class=\"elementor elementor-890\">\n\t\t\t\t<div class=\"elementor-element elementor-element-ee5b749 elementor-hidden-mobile e-flex e-con-boxed wpr-particle-no wpr-jarallax-no wpr-parallax-no wpr-sticky-section-no e-con e-parent\" data-id=\"ee5b749\" data-element_type=\"container\" data-settings=\"{&quot;position&quot;:&quot;fixed&quot;,&quot;background_background&quot;:&quot;classic&quot;}\">\n\t\t\t\t\t<div class=\"e-con-inner\">\n\t\t<div class=\"elementor-element elementor-element-ff926bf e-con-full e-flex wpr-particle-no wpr-jarallax-no wpr-parallax-no wpr-sticky-section-no e-con e-child\" data-id=\"ff926bf\" data-element_type=\"container\">\n\t\t\t\t<\/div>\n\t\t<div class=\"elementor-element elementor-element-ee258df e-con-full e-flex wpr-particle-no wpr-jarallax-no wpr-parallax-no wpr-sticky-section-no e-con e-child\" data-id=\"ee258df\" data-element_type=\"container\">\n\t\t\t\t<div class=\"elementor-element elementor-element-2314ba6 e-transform elementor-widget elementor-widget-image\" data-id=\"2314ba6\" data-element_type=\"widget\" data-settings=\"{&quot;_transform_scale_effect_hover&quot;:{&quot;unit&quot;:&quot;px&quot;,&quot;size&quot;:1.1,&quot;sizes&quot;:[]},&quot;_transform_scale_effect_hover_laptop&quot;:{&quot;unit&quot;:&quot;px&quot;,&quot;size&quot;:&quot;&quot;,&quot;sizes&quot;:[]},&quot;_transform_scale_effect_hover_tablet&quot;:{&quot;unit&quot;:&quot;px&quot;,&quot;size&quot;:&quot;&quot;,&quot;sizes&quot;:[]},&quot;_transform_scale_effect_hover_mobile&quot;:{&quot;unit&quot;:&quot;px&quot;,&quot;size&quot;:&quot;&quot;,&quot;sizes&quot;:[]}}\" data-widget_type=\"image.default\">\n\t\t\t\t<div class=\"elementor-widget-container\">\n\t\t\t\t\t\t\t\t\t\t\t\t\t\t\t\t<a href=\"https:\/\/maya-blum.de\/home\/\">\n\t\t\t\t\t\t\t<img decoding=\"async\" width=\"208\" height=\"181\" src=\"https:\/\/maya-blum.de\/wp-content\/uploads\/2025\/02\/home.png\" class=\"attachment-large size-large wp-image-2201\" alt=\"\" \/>\t\t\t\t\t\t\t\t<\/a>\n\t\t\t\t\t\t\t\t\t\t\t\t\t\t\t<\/div>\n\t\t\t\t<\/div>\n\t\t\t\t<div class=\"elementor-element elementor-element-d67b0a3 e-transform elementor-widget elementor-widget-image\" data-id=\"d67b0a3\" data-element_type=\"widget\" data-settings=\"{&quot;_transform_scale_effect_hover&quot;:{&quot;unit&quot;:&quot;px&quot;,&quot;size&quot;:1.1,&quot;sizes&quot;:[]},&quot;_transform_scale_effect_hover_laptop&quot;:{&quot;unit&quot;:&quot;px&quot;,&quot;size&quot;:&quot;&quot;,&quot;sizes&quot;:[]},&quot;_transform_scale_effect_hover_tablet&quot;:{&quot;unit&quot;:&quot;px&quot;,&quot;size&quot;:&quot;&quot;,&quot;sizes&quot;:[]},&quot;_transform_scale_effect_hover_mobile&quot;:{&quot;unit&quot;:&quot;px&quot;,&quot;size&quot;:&quot;&quot;,&quot;sizes&quot;:[]}}\" data-widget_type=\"image.default\">\n\t\t\t\t<div class=\"elementor-widget-container\">\n\t\t\t\t\t\t\t\t\t\t\t\t\t\t\t\t<a href=\"https:\/\/maya-blum.de\/home\/elementor-174\/\">\n\t\t\t\t\t\t\t<img fetchpriority=\"high\" decoding=\"async\" width=\"346\" height=\"181\" src=\"https:\/\/maya-blum.de\/wp-content\/uploads\/2025\/02\/campaign-1.png\" class=\"attachment-large size-large wp-image-2200\" alt=\"\" srcset=\"https:\/\/maya-blum.de\/wp-content\/uploads\/2025\/02\/campaign-1.png 346w, https:\/\/maya-blum.de\/wp-content\/uploads\/2025\/02\/campaign-1-300x157.png 300w\" sizes=\"(max-width: 346px) 100vw, 346px\" \/>\t\t\t\t\t\t\t\t<\/a>\n\t\t\t\t\t\t\t\t\t\t\t\t\t\t\t<\/div>\n\t\t\t\t<\/div>\n\t\t\t\t<div class=\"elementor-element elementor-element-d4b1d04 e-transform elementor-widget elementor-widget-image\" data-id=\"d4b1d04\" data-element_type=\"widget\" data-settings=\"{&quot;_transform_scale_effect_hover&quot;:{&quot;unit&quot;:&quot;px&quot;,&quot;size&quot;:1.1,&quot;sizes&quot;:[]},&quot;_transform_scale_effect_hover_laptop&quot;:{&quot;unit&quot;:&quot;px&quot;,&quot;size&quot;:&quot;&quot;,&quot;sizes&quot;:[]},&quot;_transform_scale_effect_hover_tablet&quot;:{&quot;unit&quot;:&quot;px&quot;,&quot;size&quot;:&quot;&quot;,&quot;sizes&quot;:[]},&quot;_transform_scale_effect_hover_mobile&quot;:{&quot;unit&quot;:&quot;px&quot;,&quot;size&quot;:&quot;&quot;,&quot;sizes&quot;:[]}}\" data-widget_type=\"image.default\">\n\t\t\t\t<div class=\"elementor-widget-container\">\n\t\t\t\t\t\t\t\t\t\t\t\t\t\t\t\t<a href=\"https:\/\/maya-blum.de\/home\/#ui\">\n\t\t\t\t\t\t\t<img decoding=\"async\" width=\"174\" height=\"181\" src=\"https:\/\/maya-blum.de\/wp-content\/uploads\/2025\/02\/ui.png\" class=\"attachment-large size-large wp-image-2204\" alt=\"\" \/>\t\t\t\t\t\t\t\t<\/a>\n\t\t\t\t\t\t\t\t\t\t\t\t\t\t\t<\/div>\n\t\t\t\t<\/div>\n\t\t\t\t<div class=\"elementor-element elementor-element-ee50a9d e-transform elementor-widget elementor-widget-image\" data-id=\"ee50a9d\" data-element_type=\"widget\" data-settings=\"{&quot;_transform_scale_effect_hover&quot;:{&quot;unit&quot;:&quot;px&quot;,&quot;size&quot;:1.1,&quot;sizes&quot;:[]},&quot;_transform_scale_effect_hover_laptop&quot;:{&quot;unit&quot;:&quot;px&quot;,&quot;size&quot;:&quot;&quot;,&quot;sizes&quot;:[]},&quot;_transform_scale_effect_hover_tablet&quot;:{&quot;unit&quot;:&quot;px&quot;,&quot;size&quot;:&quot;&quot;,&quot;sizes&quot;:[]},&quot;_transform_scale_effect_hover_mobile&quot;:{&quot;unit&quot;:&quot;px&quot;,&quot;size&quot;:&quot;&quot;,&quot;sizes&quot;:[]}}\" data-widget_type=\"image.default\">\n\t\t\t\t<div class=\"elementor-widget-container\">\n\t\t\t\t\t\t\t\t\t\t\t\t\t\t\t\t<a href=\"https:\/\/maya-blum.de\/home\/elementor-seite-241\/\">\n\t\t\t\t\t\t\t<img loading=\"lazy\" decoding=\"async\" width=\"276\" height=\"181\" src=\"https:\/\/maya-blum.de\/wp-content\/uploads\/2025\/02\/magazin-1.png\" class=\"attachment-large size-large wp-image-2203\" alt=\"\" \/>\t\t\t\t\t\t\t\t<\/a>\n\t\t\t\t\t\t\t\t\t\t\t\t\t\t\t<\/div>\n\t\t\t\t<\/div>\n\t\t\t\t<div class=\"elementor-element elementor-element-cd532de e-transform elementor-widget elementor-widget-image\" data-id=\"cd532de\" data-element_type=\"widget\" data-settings=\"{&quot;_transform_scale_effect_hover&quot;:{&quot;unit&quot;:&quot;px&quot;,&quot;size&quot;:1.1,&quot;sizes&quot;:[]},&quot;_transform_scale_effect_hover_laptop&quot;:{&quot;unit&quot;:&quot;px&quot;,&quot;size&quot;:&quot;&quot;,&quot;sizes&quot;:[]},&quot;_transform_scale_effect_hover_tablet&quot;:{&quot;unit&quot;:&quot;px&quot;,&quot;size&quot;:&quot;&quot;,&quot;sizes&quot;:[]},&quot;_transform_scale_effect_hover_mobile&quot;:{&quot;unit&quot;:&quot;px&quot;,&quot;size&quot;:&quot;&quot;,&quot;sizes&quot;:[]}}\" data-widget_type=\"image.default\">\n\t\t\t\t<div class=\"elementor-widget-container\">\n\t\t\t\t\t\t\t\t\t\t\t\t\t\t\t\t<a href=\"https:\/\/maya-blum.de\/home\/#web\">\n\t\t\t\t\t\t\t<img loading=\"lazy\" decoding=\"async\" width=\"376\" height=\"181\" src=\"https:\/\/maya-blum.de\/wp-content\/uploads\/2025\/02\/webdesign-1.png\" class=\"attachment-large size-large wp-image-2198\" alt=\"\" srcset=\"https:\/\/maya-blum.de\/wp-content\/uploads\/2025\/02\/webdesign-1.png 376w, https:\/\/maya-blum.de\/wp-content\/uploads\/2025\/02\/webdesign-1-300x144.png 300w\" sizes=\"(max-width: 376px) 100vw, 376px\" \/>\t\t\t\t\t\t\t\t<\/a>\n\t\t\t\t\t\t\t\t\t\t\t\t\t\t\t<\/div>\n\t\t\t\t<\/div>\n\t\t\t\t<div class=\"elementor-element elementor-element-4716eac e-transform elementor-widget elementor-widget-image\" data-id=\"4716eac\" data-element_type=\"widget\" data-settings=\"{&quot;_transform_scale_effect_hover&quot;:{&quot;unit&quot;:&quot;px&quot;,&quot;size&quot;:1.1,&quot;sizes&quot;:[]},&quot;_transform_scale_effect_hover_laptop&quot;:{&quot;unit&quot;:&quot;px&quot;,&quot;size&quot;:&quot;&quot;,&quot;sizes&quot;:[]},&quot;_transform_scale_effect_hover_tablet&quot;:{&quot;unit&quot;:&quot;px&quot;,&quot;size&quot;:&quot;&quot;,&quot;sizes&quot;:[]},&quot;_transform_scale_effect_hover_mobile&quot;:{&quot;unit&quot;:&quot;px&quot;,&quot;size&quot;:&quot;&quot;,&quot;sizes&quot;:[]}}\" data-widget_type=\"image.default\">\n\t\t\t\t<div class=\"elementor-widget-container\">\n\t\t\t\t\t\t\t\t\t\t\t\t\t\t\t\t<a href=\"https:\/\/maya-blum.de\/home\/werkschau\/\">\n\t\t\t\t\t\t\t<img loading=\"lazy\" decoding=\"async\" width=\"376\" height=\"181\" src=\"https:\/\/maya-blum.de\/wp-content\/uploads\/2025\/02\/werkschau-1.png\" class=\"attachment-large size-large wp-image-2199\" alt=\"\" srcset=\"https:\/\/maya-blum.de\/wp-content\/uploads\/2025\/02\/werkschau-1.png 376w, https:\/\/maya-blum.de\/wp-content\/uploads\/2025\/02\/werkschau-1-300x144.png 300w\" sizes=\"(max-width: 376px) 100vw, 376px\" \/>\t\t\t\t\t\t\t\t<\/a>\n\t\t\t\t\t\t\t\t\t\t\t\t\t\t\t<\/div>\n\t\t\t\t<\/div>\n\t\t\t\t<div class=\"elementor-element elementor-element-9caeac2 e-transform elementor-widget elementor-widget-image\" data-id=\"9caeac2\" data-element_type=\"widget\" data-settings=\"{&quot;_transform_scale_effect_hover&quot;:{&quot;unit&quot;:&quot;px&quot;,&quot;size&quot;:1.1,&quot;sizes&quot;:[]},&quot;_transform_scale_effect_hover_laptop&quot;:{&quot;unit&quot;:&quot;px&quot;,&quot;size&quot;:&quot;&quot;,&quot;sizes&quot;:[]},&quot;_transform_scale_effect_hover_tablet&quot;:{&quot;unit&quot;:&quot;px&quot;,&quot;size&quot;:&quot;&quot;,&quot;sizes&quot;:[]},&quot;_transform_scale_effect_hover_mobile&quot;:{&quot;unit&quot;:&quot;px&quot;,&quot;size&quot;:&quot;&quot;,&quot;sizes&quot;:[]}}\" data-widget_type=\"image.default\">\n\t\t\t\t<div class=\"elementor-widget-container\">\n\t\t\t\t\t\t\t\t\t\t\t\t\t\t\t\t<a href=\"https:\/\/maya-blum.de\/home\/interactive\/\">\n\t\t\t\t\t\t\t<img loading=\"lazy\" decoding=\"async\" width=\"298\" height=\"181\" src=\"https:\/\/maya-blum.de\/wp-content\/uploads\/2025\/02\/interactive.png\" class=\"attachment-large size-large wp-image-2202\" alt=\"\" \/>\t\t\t\t\t\t\t\t<\/a>\n\t\t\t\t\t\t\t\t\t\t\t\t\t\t\t<\/div>\n\t\t\t\t<\/div>\n\t\t\t\t<\/div>\n\t\t\t\t\t<\/div>\n\t\t\t\t<\/div>\n\t\t<div class=\"elementor-element elementor-element-e924d65 e-con-full e-flex wpr-particle-no wpr-jarallax-no wpr-parallax-no wpr-sticky-section-no e-con e-parent\" data-id=\"e924d65\" data-element_type=\"container\" data-settings=\"{&quot;background_background&quot;:&quot;gradient&quot;}\">\n\t\t<div class=\"elementor-element elementor-element-9c35cf4 e-con-full e-flex wpr-particle-no wpr-jarallax-no wpr-parallax-no wpr-sticky-section-no e-con e-child\" data-id=\"9c35cf4\" data-element_type=\"container\">\n\t\t\t\t<div class=\"elementor-element elementor-element-74cb87a elementor-widget elementor-widget-video\" data-id=\"74cb87a\" data-element_type=\"widget\" data-settings=\"{&quot;video_type&quot;:&quot;hosted&quot;,&quot;autoplay&quot;:&quot;yes&quot;,&quot;play_on_mobile&quot;:&quot;yes&quot;,&quot;mute&quot;:&quot;yes&quot;,&quot;loop&quot;:&quot;yes&quot;}\" data-widget_type=\"video.default\">\n\t\t\t\t<div class=\"elementor-widget-container\">\n\t\t\t\t\t\t\t<div class=\"e-hosted-video elementor-wrapper elementor-open-inline\">\n\t\t\t\t\t<video class=\"elementor-video\" src=\"https:\/\/maya-blum.de\/wp-content\/uploads\/2025\/02\/aufarbeitung_datenvisualisierung.mp4\" autoplay=\"\" loop=\"\" muted=\"muted\" playsinline=\"\" controlsList=\"nodownload\"><\/video>\n\t\t\t\t<\/div>\n\t\t\t\t\t\t<\/div>\n\t\t\t\t<\/div>\n\t\t\t\t<\/div>\n\t\t\t\t<div class=\"elementor-element elementor-element-61972ea elementor-widget elementor-widget-image\" data-id=\"61972ea\" data-element_type=\"widget\" data-widget_type=\"image.default\">\n\t\t\t\t<div class=\"elementor-widget-container\">\n\t\t\t\t\t\t\t\t\t\t\t\t\t\t\t<img loading=\"lazy\" decoding=\"async\" width=\"800\" height=\"450\" src=\"https:\/\/maya-blum.de\/wp-content\/uploads\/2025\/02\/abgabe_datenvisualisierung-1024x576.jpg\" class=\"attachment-large size-large wp-image-1256\" alt=\"\" srcset=\"https:\/\/maya-blum.de\/wp-content\/uploads\/2025\/02\/abgabe_datenvisualisierung-1024x576.jpg 1024w, https:\/\/maya-blum.de\/wp-content\/uploads\/2025\/02\/abgabe_datenvisualisierung-300x169.jpg 300w, https:\/\/maya-blum.de\/wp-content\/uploads\/2025\/02\/abgabe_datenvisualisierung-768x432.jpg 768w, https:\/\/maya-blum.de\/wp-content\/uploads\/2025\/02\/abgabe_datenvisualisierung.jpg 1280w\" sizes=\"(max-width: 800px) 100vw, 800px\" \/>\t\t\t\t\t\t\t\t\t\t\t\t\t\t\t<\/div>\n\t\t\t\t<\/div>\n\t\t<div class=\"elementor-element elementor-element-5dbdf65 e-con-full e-flex wpr-particle-no wpr-jarallax-no wpr-parallax-no wpr-sticky-section-no e-con e-child\" data-id=\"5dbdf65\" data-element_type=\"container\">\n\t\t<div class=\"elementor-element elementor-element-6876138 e-con-full e-flex wpr-particle-no wpr-jarallax-no wpr-parallax-no wpr-sticky-section-no e-con e-child\" data-id=\"6876138\" data-element_type=\"container\">\n\t\t\t\t<div class=\"elementor-element elementor-element-73cc143 elementor-widget elementor-widget-image\" data-id=\"73cc143\" data-element_type=\"widget\" data-widget_type=\"image.default\">\n\t\t\t\t<div class=\"elementor-widget-container\">\n\t\t\t\t\t\t\t\t\t\t\t\t\t\t\t<img loading=\"lazy\" decoding=\"async\" width=\"417\" height=\"470\" src=\"https:\/\/maya-blum.de\/wp-content\/uploads\/2025\/02\/Screenshot-2025-01-29-093724.png\" class=\"attachment-large size-large wp-image-1246\" alt=\"\" srcset=\"https:\/\/maya-blum.de\/wp-content\/uploads\/2025\/02\/Screenshot-2025-01-29-093724.png 417w, https:\/\/maya-blum.de\/wp-content\/uploads\/2025\/02\/Screenshot-2025-01-29-093724-266x300.png 266w\" sizes=\"(max-width: 417px) 100vw, 417px\" \/>\t\t\t\t\t\t\t\t\t\t\t\t\t\t\t<\/div>\n\t\t\t\t<\/div>\n\t\t\t\t<\/div>\n\t\t<div class=\"elementor-element elementor-element-2735bf7 e-con-full e-flex wpr-particle-no wpr-jarallax-no wpr-parallax-no wpr-sticky-section-no e-con e-child\" data-id=\"2735bf7\" data-element_type=\"container\">\n\t\t\t\t<div class=\"elementor-element elementor-element-5e98401 elementor-widget elementor-widget-text-editor\" data-id=\"5e98401\" data-element_type=\"widget\" data-widget_type=\"text-editor.default\">\n\t\t\t\t<div class=\"elementor-widget-container\">\n\t\t\t\t\t\t\t\t\t<p>Im Kurs zur Datenvisualisierung habe ich mich mit der Verteilung von Wasser und den Auswirkungen von Besitz darauf auseinandergesetzt. Mithilfe von TouchDesigner entwickelte ich eine interaktive Grafik, die auf die Ber\u00fchrung der Nutzer reagiert.<br \/>Die Daten beruhen auf der Erhebungen von Global Wealth Report 2023 und vergleichen der Studie &#8222;Urban water crises driven by elites\u2019unsustainable consumption&#8220;.<br \/>2024\/5___Semester 7___interactiv___<\/p>\t\t\t\t\t\t\t\t<\/div>\n\t\t\t\t<\/div>\n\t\t\t\t<\/div>\n\t\t\t\t<\/div>\n\t\t\t\t<div class=\"elementor-element elementor-element-b67c99a elementor-widget-divider--view-line elementor-widget elementor-widget-divider\" data-id=\"b67c99a\" data-element_type=\"widget\" data-widget_type=\"divider.default\">\n\t\t\t\t<div class=\"elementor-widget-container\">\n\t\t\t\t\t\t\t<div class=\"elementor-divider\">\n\t\t\t<span class=\"elementor-divider-separator\">\n\t\t\t\t\t\t<\/span>\n\t\t<\/div>\n\t\t\t\t\t\t<\/div>\n\t\t\t\t<\/div>\n\t\t\t\t<div class=\"elementor-element elementor-element-383e0f5 elementor-widget elementor-widget-spacer\" data-id=\"383e0f5\" data-element_type=\"widget\" data-widget_type=\"spacer.default\">\n\t\t\t\t<div class=\"elementor-widget-container\">\n\t\t\t\t\t\t\t<div class=\"elementor-spacer\">\n\t\t\t<div class=\"elementor-spacer-inner\"><\/div>\n\t\t<\/div>\n\t\t\t\t\t\t<\/div>\n\t\t\t\t<\/div>\n\t\t<div class=\"elementor-element elementor-element-e293250 e-flex e-con-boxed wpr-particle-no wpr-jarallax-no wpr-parallax-no wpr-sticky-section-no e-con e-child\" data-id=\"e293250\" data-element_type=\"container\">\n\t\t\t\t\t<div class=\"e-con-inner\">\n\t\t<div class=\"elementor-element elementor-element-cb86993 e-con-full e-flex wpr-particle-no wpr-jarallax-no wpr-parallax-no wpr-sticky-section-no e-con e-child\" data-id=\"cb86993\" data-element_type=\"container\">\n\t\t\t\t<div class=\"elementor-element elementor-element-c03fc88 elementor-widget elementor-widget-image\" data-id=\"c03fc88\" data-element_type=\"widget\" data-widget_type=\"image.default\">\n\t\t\t\t<div class=\"elementor-widget-container\">\n\t\t\t\t\t\t\t\t\t\t\t\t\t\t\t<img loading=\"lazy\" decoding=\"async\" width=\"800\" height=\"162\" src=\"https:\/\/maya-blum.de\/wp-content\/uploads\/2025\/03\/aus-dem-labor.png\" class=\"attachment-large size-large wp-image-2600\" alt=\"\" srcset=\"https:\/\/maya-blum.de\/wp-content\/uploads\/2025\/03\/aus-dem-labor.png 899w, https:\/\/maya-blum.de\/wp-content\/uploads\/2025\/03\/aus-dem-labor-300x61.png 300w, https:\/\/maya-blum.de\/wp-content\/uploads\/2025\/03\/aus-dem-labor-768x155.png 768w\" sizes=\"(max-width: 800px) 100vw, 800px\" \/>\t\t\t\t\t\t\t\t\t\t\t\t\t\t\t<\/div>\n\t\t\t\t<\/div>\n\t\t\t\t<\/div>\n\t\t\t\t<div class=\"elementor-element elementor-element-e6f6c2c elementor-widget elementor-widget-text-editor\" data-id=\"e6f6c2c\" data-element_type=\"widget\" data-widget_type=\"text-editor.default\">\n\t\t\t\t<div class=\"elementor-widget-container\">\n\t\t\t\t\t\t\t\t\t<p>TouchDesigner er\u00f6ffnet v\u00f6llig neue kreative und konzeptionelle M\u00f6glichkeiten. Besonders faszinierend finde ich die M\u00f6glichkeit, aktiv in den Gestaltungsprozess einzugreifen. Durch die Integration von Ger\u00e4ten wie Kameras oder Mikrofonen wird die Gestaltung dynamisch und interaktiv. Die hier gezeigten Projekte sind Experimente, die sowohl im Studium als auch in privaten kreativen Prozessen entstanden sind.<\/p>\t\t\t\t\t\t\t\t<\/div>\n\t\t\t\t<\/div>\n\t\t\t\t\t<\/div>\n\t\t\t\t<\/div>\n\t\t<div class=\"elementor-element elementor-element-2b8281c e-con-full e-flex wpr-particle-no wpr-jarallax-no wpr-parallax-no wpr-sticky-section-no e-con e-child\" data-id=\"2b8281c\" data-element_type=\"container\">\n\t\t<div class=\"elementor-element elementor-element-2c5fb0c e-con-full e-flex wpr-particle-no wpr-jarallax-no wpr-parallax-no wpr-sticky-section-no e-con e-child\" data-id=\"2c5fb0c\" data-element_type=\"container\">\n\t\t\t\t<div class=\"elementor-element elementor-element-3279c0a elementor-widget elementor-widget-video\" data-id=\"3279c0a\" data-element_type=\"widget\" data-settings=\"{&quot;autoplay&quot;:&quot;yes&quot;,&quot;play_on_mobile&quot;:&quot;yes&quot;,&quot;mute&quot;:&quot;yes&quot;,&quot;loop&quot;:&quot;yes&quot;,&quot;video_type&quot;:&quot;hosted&quot;}\" data-widget_type=\"video.default\">\n\t\t\t\t<div class=\"elementor-widget-container\">\n\t\t\t\t\t\t\t<div class=\"e-hosted-video elementor-wrapper elementor-open-inline\">\n\t\t\t\t\t<video class=\"elementor-video\" src=\"https:\/\/maya-blum.de\/wp-content\/uploads\/2025\/02\/movieout-1.mp4\" autoplay=\"\" loop=\"\" muted=\"muted\" playsinline=\"\" controlsList=\"nodownload\"><\/video>\n\t\t\t\t<\/div>\n\t\t\t\t\t\t<\/div>\n\t\t\t\t<\/div>\n\t\t\t\t<\/div>\n\t\t\t\t<\/div>\n\t\t<div class=\"elementor-element elementor-element-572e54d e-con-full e-flex wpr-particle-no wpr-jarallax-no wpr-parallax-no wpr-sticky-section-no e-con e-child\" data-id=\"572e54d\" data-element_type=\"container\">\n\t\t<div class=\"elementor-element elementor-element-7edeffa e-con-full e-flex wpr-particle-no wpr-jarallax-no wpr-parallax-no wpr-sticky-section-no e-con e-child\" data-id=\"7edeffa\" data-element_type=\"container\">\n\t\t\t\t<div class=\"elementor-element elementor-element-5957ea2 elementor-widget elementor-widget-video\" data-id=\"5957ea2\" data-element_type=\"widget\" data-settings=\"{&quot;video_type&quot;:&quot;hosted&quot;,&quot;autoplay&quot;:&quot;yes&quot;,&quot;play_on_mobile&quot;:&quot;yes&quot;,&quot;mute&quot;:&quot;yes&quot;,&quot;loop&quot;:&quot;yes&quot;}\" data-widget_type=\"video.default\">\n\t\t\t\t<div class=\"elementor-widget-container\">\n\t\t\t\t\t\t\t<div class=\"e-hosted-video elementor-wrapper elementor-open-inline\">\n\t\t\t\t\t<video class=\"elementor-video\" src=\"https:\/\/maya-blum.de\/wp-content\/uploads\/2025\/02\/Screencapture_maya-blum_querformat.mp4\" autoplay=\"\" loop=\"\" muted=\"muted\" playsinline=\"\" controlsList=\"nodownload\"><\/video>\n\t\t\t\t<\/div>\n\t\t\t\t\t\t<\/div>\n\t\t\t\t<\/div>\n\t\t\t\t<\/div>\n\t\t\t\t<\/div>\n\t\t<div class=\"elementor-element elementor-element-70ff4c8 e-con-full e-flex wpr-particle-no wpr-jarallax-no wpr-parallax-no wpr-sticky-section-no e-con e-child\" data-id=\"70ff4c8\" data-element_type=\"container\">\n\t\t<div class=\"elementor-element elementor-element-0e9f1ec e-con-full e-flex wpr-particle-no wpr-jarallax-no wpr-parallax-no wpr-sticky-section-no e-con e-child\" data-id=\"0e9f1ec\" data-element_type=\"container\">\n\t\t\t\t<div class=\"elementor-element elementor-element-d9524d4 elementor-widget elementor-widget-video\" data-id=\"d9524d4\" data-element_type=\"widget\" data-settings=\"{&quot;video_type&quot;:&quot;hosted&quot;,&quot;autoplay&quot;:&quot;yes&quot;,&quot;play_on_mobile&quot;:&quot;yes&quot;,&quot;mute&quot;:&quot;yes&quot;,&quot;loop&quot;:&quot;yes&quot;}\" data-widget_type=\"video.default\">\n\t\t\t\t<div class=\"elementor-widget-container\">\n\t\t\t\t\t\t\t<div class=\"e-hosted-video elementor-wrapper elementor-open-inline\">\n\t\t\t\t\t<video class=\"elementor-video\" src=\"https:\/\/maya-blum.de\/wp-content\/uploads\/2025\/02\/basics_touchdesigner_circle.mp4\" autoplay=\"\" loop=\"\" muted=\"muted\" playsinline=\"\" controlsList=\"nodownload\"><\/video>\n\t\t\t\t<\/div>\n\t\t\t\t\t\t<\/div>\n\t\t\t\t<\/div>\n\t\t\t\t<\/div>\n\t\t\t\t<\/div>\n\t\t<div class=\"elementor-element elementor-element-fa7bd35 e-con-full e-flex wpr-particle-no wpr-jarallax-no wpr-parallax-no wpr-sticky-section-no e-con e-child\" data-id=\"fa7bd35\" data-element_type=\"container\" data-settings=\"{&quot;background_background&quot;:&quot;video&quot;,&quot;background_video_link&quot;:&quot;https:\\\/\\\/maya-blum.de\\\/wp-content\\\/uploads\\\/2025\\\/02\\\/wave_kop.mp4&quot;,&quot;background_play_on_mobile&quot;:&quot;yes&quot;}\">\n\t\t<div class=\"elementor-background-video-container\" aria-hidden=\"true\">\n\t\t\t\t\t\t\t<video class=\"elementor-background-video-hosted\" autoplay muted playsinline loop><\/video>\n\t\t\t\t\t<\/div>\t\t<\/div>\n\t\t\t\t<\/div>\n\t\t\t\t<\/div>\n\t\t","protected":false},"excerpt":{"rendered":"<p>https:\/\/maya-blum.de\/wp-content\/uploads\/2025\/02\/aufarbeitung_datenvisualisierung.mp4 Im Kurs zur Datenvisualisierung habe ich mich mit der Verteilung von Wasser und den Auswirkungen von Besitz darauf auseinandergesetzt. Mithilfe von TouchDesigner entwickelte ich eine interaktive Grafik, die auf die Ber\u00fchrung der Nutzer reagiert.Die Daten beruhen auf der Erhebungen von Global Wealth Report 2023 und vergleichen der Studie &#8222;Urban water crises driven by elites\u2019unsustainable consumption&#8220;.2024\/5___Semester 7___interactiv___ TouchDesigner er\u00f6ffnet v\u00f6llig neue kreative und konzeptionelle M\u00f6glichkeiten. Besonders faszinierend finde ich die M\u00f6glichkeit, aktiv in den Gestaltungsprozess einzugreifen. Durch die Integration von Ger\u00e4ten wie Kameras oder Mikrofonen wird die Gestaltung dynamisch und interaktiv. Die hier gezeigten Projekte sind Experimente, die sowohl im Studium als auch in privaten kreativen Prozessen entstanden sind. https:\/\/maya-blum.de\/wp-content\/uploads\/2025\/02\/movieout-1.mp4https:\/\/maya-blum.de\/wp-content\/uploads\/2025\/02\/Screencapture_maya-blum_querformat.mp4https:\/\/maya-blum.de\/wp-content\/uploads\/2025\/02\/basics_touchdesigner_circle.mp4<\/p>\n","protected":false},"author":1,"featured_media":0,"parent":0,"menu_order":0,"comment_status":"closed","ping_status":"closed","template":"","meta":{"footnotes":""},"class_list":["post-890","page","type-page","status-publish","hentry"],"_links":{"self":[{"href":"https:\/\/maya-blum.de\/home\/wp-json\/wp\/v2\/pages\/890","targetHints":{"allow":["GET"]}}],"collection":[{"href":"https:\/\/maya-blum.de\/home\/wp-json\/wp\/v2\/pages"}],"about":[{"href":"https:\/\/maya-blum.de\/home\/wp-json\/wp\/v2\/types\/page"}],"author":[{"embeddable":true,"href":"https:\/\/maya-blum.de\/home\/wp-json\/wp\/v2\/users\/1"}],"replies":[{"embeddable":true,"href":"https:\/\/maya-blum.de\/home\/wp-json\/wp\/v2\/comments?post=890"}],"version-history":[{"count":206,"href":"https:\/\/maya-blum.de\/home\/wp-json\/wp\/v2\/pages\/890\/revisions"}],"predecessor-version":[{"id":2749,"href":"https:\/\/maya-blum.de\/home\/wp-json\/wp\/v2\/pages\/890\/revisions\/2749"}],"wp:attachment":[{"href":"https:\/\/maya-blum.de\/home\/wp-json\/wp\/v2\/media?parent=890"}],"curies":[{"name":"wp","href":"https:\/\/api.w.org\/{rel}","templated":true}]}}